{"id":185,"date":"2025-09-17T15:54:52","date_gmt":"2025-09-17T13:54:52","guid":{"rendered":"https:\/\/support.h24office.com\/?page_id=185"},"modified":"2025-09-17T15:54:52","modified_gmt":"2025-09-17T13:54:52","slug":"politique-de-confidentialite","status":"publish","type":"page","link":"https:\/\/support.h24office.com\/index.php\/politique-de-confidentialite\/","title":{"rendered":"Politique de confidentialit\u00e9"},"content":{"rendered":"\n<h2 class=\"wp-block-heading\">Qui sommes-nous&nbsp;?<\/h2>\n\n\n\n<p>L\u2019adresse de notre site est\u00a0: support.h24office.com<\/p>\n\n\n\n<p><strong>Politique de confidentialit\u00e9<\/strong><\/p>\n\n\n\n<p>Le site internet support.h24office.com est d\u00e9tenu par LogoSapience, dont le si\u00e8ge social est situ\u00e9 3 rue Pierre et Marie Curie, 49070 Saint-Jean-de-Lini\u00e8res..<\/p>\n\n\n\n<p>Nous avons adopt\u00e9 cette politique de confidentialit\u00e9, qui d\u00e9termine la mani\u00e8re dont nous traitons les informations collect\u00e9es par ce pr\u00e9sent site, qui fournit \u00e9galement les raisons pour lesquelles nous devons collecter certaines donn\u00e9es personnelles vous concernant. Par cons\u00e9quent, vous devez lire cette politique de confidentialit\u00e9 &nbsp;&nbsp;<\/p>\n\n\n\n<p>Nous prenons soin de vos donn\u00e9es personnelles et nous nous engageons \u00e0 en garantir la confidentialit\u00e9 et la s\u00e9curit\u00e9.<\/p>\n\n\n\n<p><strong>Les informations personnelles que nous collectons<\/strong><\/p>\n\n\n\n<p>Lorsque vous visitez le site \u00abSite\u00bb, nous recueillons automatiquement certaines informations sur votre appareil, notamment des informations sur votre navigateur web, votre adresse IP, votre fuseau horaire et certains des cookies install\u00e9s sur votre appareil. En outre, lorsque vous naviguez sur le site, nous recueillons des informations sur les pages web ou les produits individuels que vous consultez, sur les sites web ou les termes de recherche qui vous ont renvoy\u00e9 au site et sur la mani\u00e8re dont vous interagissez avec le site. Nous d\u00e9signons ces informations collect\u00e9es automatiquement par le terme \u00ab&nbsp;informations sur les appareils&nbsp;\u00bb. En outre, nous pourrions collecter les donn\u00e9es personnelles que vous nous fournissez (y compris, mais sans s\u2019y limiter, le nom, le pr\u00e9nom, l\u2019adresse, les informations de paiement, etc.) lors de l\u2019inscription afin de pouvoir ex\u00e9cuter le contrat.<\/p>\n\n\n\n<p><strong>Pourquoi traitons-nous vos donn\u00e9es ?<\/strong><\/p>\n\n\n\n<p>Notre priorit\u00e9 absolue est la s\u00e9curit\u00e9 des donn\u00e9es des clients et, \u00e0 ce titre, nous ne pouvons traiter que des donn\u00e9es minimales sur les utilisateurs, uniquement dans la mesure o\u00f9 cela est absolument n\u00e9cessaire pour maintenir le site web. Les informations collect\u00e9es automatiquement sont utilis\u00e9es uniquement pour identifier les cas potentiels d\u2019abus et \u00e9tablir des informations statistiques concernant l\u2019utilisation du site web. Ces informations statistiques ne sont pas autrement agr\u00e9g\u00e9es de mani\u00e8re \u00e0 identifier un utilisateur particulier du syst\u00e8me.<\/p>\n\n\n\n<p>Vous pouvez visiter le site web sans nous dire qui vous \u00eates ni r\u00e9v\u00e9ler d\u2019informations, par lesquelles quelqu\u2019un pourrait vous identifier comme un individu sp\u00e9cifique et identifiable. Toutefois, si vous souhaitez utiliser certaines fonctionnalit\u00e9s du site web, ou si vous souhaitez recevoir notre lettre d\u2019information ou fournir d\u2019autres d\u00e9tails en remplissant un formulaire, vous pouvez nous fournir des donn\u00e9es personnelles, telles que votre e-mail, votre pr\u00e9nom, votre nom, votre ville de r\u00e9sidence, votre organisation, votre num\u00e9ro de t\u00e9l\u00e9phone. Vous pouvez choisir de ne pas nous fournir vos donn\u00e9es personnelles, mais il se peut alors que vous ne puissiez pas profiter de certaines fonctionnalit\u00e9s du site web. Par exemple, vous ne pourrez pas recevoir notre bulletin d\u2019information ou nous contacter directement \u00e0 partir du site web. Les utilisateurs qui ne savent pas quelles informations sont obligatoires sont invit\u00e9s \u00e0 nous contacter par mail.<\/p>\n\n\n\n<p><strong>Vos droits<\/strong><\/p>\n\n\n\n<p>Si vous \u00eates un r\u00e9sident europ\u00e9en, vous disposez des droits suivants li\u00e9s \u00e0 vos donn\u00e9es personnelles :<\/p>\n\n\n\n<p>Le droit d\u2019\u00eatre inform\u00e9.<\/p>\n\n\n\n<p>Le droit d\u2019acc\u00e8s.<\/p>\n\n\n\n<p>Le droit de rectification.<\/p>\n\n\n\n<p>Le droit \u00e0 l\u2019effacement.<\/p>\n\n\n\n<p>Le droit de restreindre le traitement.<\/p>\n\n\n\n<p>Le droit \u00e0 la portabilit\u00e9 des donn\u00e9es.<\/p>\n\n\n\n<p>Le droit d\u2019opposition.<\/p>\n\n\n\n<p>Les droits relatifs \u00e0 la prise de d\u00e9cision automatis\u00e9e et au profilage.<\/p>\n\n\n\n<p>Si vous souhaitez exercer ce droit, veuillez nous contacter via les coordonn\u00e9es ci-dessous.<\/p>\n\n\n\n<p>En outre, si vous \u00eates un r\u00e9sident europ\u00e9en, nous notons que nous traitons vos informations afin d\u2019ex\u00e9cuter les contrats que nous pourrions avoir avec vous, ou autrement pour poursuivre nos int\u00e9r\u00eats commerciaux l\u00e9gitimes \u00e9num\u00e9r\u00e9s ci-dessus.&nbsp;<\/p>\n\n\n\n<p>Tout litige en relation avec l\u2019utilisation de ce pr\u00e9sent site est soumis au droit fran\u00e7ais. L\u2019utilisateur ainsi que ce pr\u00e9sent site acceptent de se soumettre \u00e0 la comp\u00e9tence exclusive des tribunaux Fran\u00e7ais en cas de litige.<\/p>\n\n\n\n<p><strong>Transfert des donn\u00e9es<\/strong><\/p>\n\n\n\n<p>Nous vous informons qu\u2019il peut proc\u00e9der \u00e0 un transfert des donn\u00e9es lorsqu\u2019il le sera n\u00e9cessaire, par exemple aux sous-traitants tels que des transporteurs.<\/p>\n\n\n\n<p>Ce transfert de donn\u00e9es s\u2019effectuera dans le respect des garanties, mesures et droits pr\u00e9vus par la l\u00e9gislation en vigueur sur la protection des donn\u00e9es personnelles et en accord avec cette politique de confidentialit\u00e9.<\/p>\n\n\n\n<p><strong>Liens vers d\u2019autres sites web<\/strong><\/p>\n\n\n\n<p>Le site https:\/\/support.h24office.com contient un certain nombre de liens hypertextes vers d\u2019autres sites, mis en place avec l\u2019autorisation de LogoSapience. Cependant, LogoSapience n\u2019a pas la possibilit\u00e9 de v\u00e9rifier le contenu des sites ainsi visit\u00e9s, et n\u2019assumera en cons\u00e9quence aucune responsabilit\u00e9 de ce fait.<\/p>\n\n\n\n<p>La navigation sur le site &nbsp;est susceptible de provoquer l\u2019installation de cookie(s) sur l\u2019ordinateur de l\u2019utilisateur. Un cookie est un fichier de petite taille, qui ne permet pas l\u2019identification de l\u2019utilisateur, mais qui enregistre des informations relatives \u00e0 la navigation d\u2019un ordinateur sur un site. Les donn\u00e9es ainsi obtenues visent \u00e0 faciliter la navigation ult\u00e9rieure sur le site, et ont \u00e9galement vocation \u00e0 permettre diverses mesures de fr\u00e9quentation.<\/p>\n\n\n\n<p>Le refus d\u2019installation d\u2019un cookie peut entra\u00eener l\u2019impossibilit\u00e9 d\u2019acc\u00e9der \u00e0 certains services. L\u2019utilisateur peut toutefois configurer son ordinateur.<\/p>\n\n\n\n<p><strong>Cookies utilis\u00e9s<\/strong><\/p>\n\n\n\n<p>Dans le cadre de l\u2019utilisation de ce pr\u00e9sent site, des informations relatives \u00e0 votre navigation sont, sous r\u00e9serve de votre choix, susceptibles d\u2019\u00eatre enregistr\u00e9es par l\u2019interm\u00e9diaire d\u2019un ou plusieurs Cookies.<\/p>\n\n\n\n<p>Vous pouvez \u00e0 tout moment d\u00e9sactiver ces Cookies et ce gratuitement \u00e0 partir des possibilit\u00e9s de d\u00e9sactivation qui vous sont offertes.<\/p>\n\n\n\n<p>Ce pr\u00e9sent site&nbsp;utilise les cookies suivants :<\/p>\n\n\n\n<p>Les Cookies de mesure d\u2019audience :&nbsp;<\/p>\n\n\n\n<p>Ces Cookies nous permettent de conna\u00eetre l\u2019utilisation et les performances de notre site, d\u2019\u00e9tablir des statistiques des volumes de fr\u00e9quentation et d\u2019utilisation des divers \u00e9l\u00e9ments de nos sites (contenus visit\u00e9s, parcours). Ces Cookies nous permettent d\u2019am\u00e9liorer l\u2019int\u00e9r\u00eat et l\u2019ergonomie de nos services.<\/p>\n\n\n\n<p>Les Cookies de partage des r\u00e9seaux sociaux :&nbsp;<\/p>\n\n\n\n<p>LogoSapience est susceptible d\u2019int\u00e9grer des boutons de partage des r\u00e9seaux sociaux sur ses sites afin de vous permettre de partager des contenus de ses sites avec d\u2019autres personnes. Les acteurs fournissant ces boutons sont susceptibles de vous identifier et de suivre votre navigation sur nos sites m\u00eame si vous n\u2019avez pas cliqu\u00e9 sur l\u2019un des boutons. Ces boutons peuvent g\u00e9n\u00e9rer des Cookies dont la pr\u00e9sence, le nombre et le statut peuvent d\u00e9pendre de votre utilisation des plateformes en question avant ou pendant votre visite sur notre site.<\/p>\n\n\n\n<p>LogoSapience n\u2019a pas de contr\u00f4le sur l\u2019usage de ces fonctionnalit\u00e9s par ces acteurs. Nous vous invitons \u00e0 consulter les conditions d\u2019utilisation de vos donn\u00e9es sur ces r\u00e9seaux sociaux propres \u00e0 chaque acteur.<\/p>\n\n\n\n<p><strong>S\u00e9curit\u00e9 de l\u2019information<\/strong><\/p>\n\n\n\n<p>Nous s\u00e9curisons les informations que vous fournissez sur des serveurs informatiques dans un environnement contr\u00f4l\u00e9 et s\u00e9curis\u00e9, prot\u00e9g\u00e9 contre tout acc\u00e8s, utilisation ou divulgation non autoris\u00e9s. Nous conservons des garanties administratives, techniques et physiques raisonnables pour nous prot\u00e9ger contre tout acc\u00e8s, utilisation, modification et divulgation non autoris\u00e9s des donn\u00e9es personnelles sous son contr\u00f4le et sa garde. Toutefois, aucune transmission de donn\u00e9es sur Internet ou sur un r\u00e9seau sans fil ne peut \u00eatre garantie.<\/p>\n\n\n\n<p><strong>Divulgation l\u00e9gale<\/strong><\/p>\n\n\n\n<p>Nous divulguerons toute information que nous collectons, utilisons ou recevons si la loi l\u2019exige ou l\u2019autorise, par exemple pour nous conformer \u00e0 une citation \u00e0 compara\u00eetre ou \u00e0 une proc\u00e9dure judiciaire similaire, et lorsque nous pensons de bonne foi que la divulgation est n\u00e9cessaire pour prot\u00e9ger nos droits, votre s\u00e9curit\u00e9 ou celle d\u2019autrui, enqu\u00eater sur une fraude ou r\u00e9pondre \u00e0 une demande du gouvernement.<\/p>\n\n\n\n<p><strong>Conservation des donn\u00e9es<\/strong><\/p>\n\n\n\n<p>Conform\u00e9ment \u00e0 la r\u00e9glementation en vigueur, les donn\u00e9es seront conserv\u00e9es pendant la p\u00e9riode strictement n\u00e9cessaire \u00e0 leur traitement, en accord avec la r\u00e9glementation en vigueur localement. Par exemple, en accord avec la loi fran\u00e7aise, nous sommes dans l\u2019obligation de conserver les informations de paiement et facturation pour une p\u00e9riode de 10 ans.<\/p>\n\n\n\n<p><strong>Informations de contact<\/strong><\/p>\n\n\n\n<p>Si vous souhaitez nous contacter pour comprendre davantage la pr\u00e9sente politique ou si vous souhaitez nous contacter concernant toute question relative aux droits individuels et \u00e0 vos informations personnelles, vous pouvez envoyer un courriel ou par courrier postal&nbsp;\u00e0 l\u2019adresse du si\u00e8ge social&nbsp;<\/p>\n\n\n\n<p><strong>Changements apport\u00e9s \u00e0 cette Politique de Confidentialit\u00e9<\/strong><\/p>\n\n\n\n<p>Cette politique de confidentialit\u00e9 a \u00e9t\u00e9 mise \u00e0 jour le mardi 07 Septembre 2025.\u00a0 Des modifications sont susceptibles d\u2019\u00eatre apport\u00e9es \u00e0 la politique de confidentialit\u00e9. Toute mise \u00e0 jour de celle-ci vous sera signal\u00e9e par la pr\u00e9sence d\u2019encarts facilement identifiables sur notre site web et\/ou l\u2019envoi de courrier \u00e9lectronique d\u2019information.<\/p>\n","protected":false},"excerpt":{"rendered":"<p>Qui sommes-nous&nbsp;? L\u2019adresse de notre site est\u00a0: support.h24office.com Politique de confidentialit\u00e9 Le site internet support.h24office.com est d\u00e9tenu par LogoSapience, dont le si\u00e8ge social est situ\u00e9 3 rue Pierre et Marie Curie, 49070 Saint-Jean-de-Lini\u00e8res.. Nous avons adopt\u00e9 cette politique de confidentialit\u00e9, qui d\u00e9termine la mani\u00e8re dont nous traitons les informations collect\u00e9es par ce pr\u00e9sent site, qui [&hellip;]<\/p>\n","protected":false},"author":1,"featured_media":0,"parent":0,"menu_order":0,"comment_status":"closed","ping_status":"closed","template":"","meta":{"_eb_attr":"","footnotes":""},"class_list":["post-185","page","type-page","status-publish","hentry"],"_links":{"self":[{"href":"https:\/\/support.h24office.com\/index.php\/wp-json\/wp\/v2\/pages\/185","targetHints":{"allow":["GET"]}}],"collection":[{"href":"https:\/\/support.h24office.com\/index.php\/wp-json\/wp\/v2\/pages"}],"about":[{"href":"https:\/\/support.h24office.com\/index.php\/wp-json\/wp\/v2\/types\/page"}],"author":[{"embeddable":true,"href":"https:\/\/support.h24office.com\/index.php\/wp-json\/wp\/v2\/users\/1"}],"replies":[{"embeddable":true,"href":"https:\/\/support.h24office.com\/index.php\/wp-json\/wp\/v2\/comments?post=185"}],"version-history":[{"count":1,"href":"https:\/\/support.h24office.com\/index.php\/wp-json\/wp\/v2\/pages\/185\/revisions"}],"predecessor-version":[{"id":186,"href":"https:\/\/support.h24office.com\/index.php\/wp-json\/wp\/v2\/pages\/185\/revisions\/186"}],"wp:attachment":[{"href":"https:\/\/support.h24office.com\/index.php\/wp-json\/wp\/v2\/media?parent=185"}],"curies":[{"name":"wp","href":"https:\/\/api.w.org\/{rel}","templated":true}]}}