{"id":177,"date":"2025-09-17T15:11:47","date_gmt":"2025-09-17T13:11:47","guid":{"rendered":"https:\/\/support.h24office.com\/?page_id=177"},"modified":"2025-09-17T15:17:53","modified_gmt":"2025-09-17T13:17:53","slug":"mentions-legales","status":"publish","type":"page","link":"https:\/\/support.h24office.com\/index.php\/mentions-legales\/","title":{"rendered":"Mentions l\u00e9gales"},"content":{"rendered":"\n<h3 class=\"wp-block-heading\"><strong>Pr\u00e9sentation du site<\/strong><\/h3>\n\n\n\n<p>Ce site est \u00e9dit\u00e9 par LogoSapience, SAS au capital de 71 760\u20ac.<\/p>\n\n\n\n<p>RCS Angers&nbsp;<strong>&nbsp;:<\/strong>&nbsp;N\u00b0 95 B 2010<br>Code APE&nbsp;<strong>:<\/strong>&nbsp;6201Z<br>N\u00b0 TVA<strong>&nbsp;:<\/strong>&nbsp;FR80400614129<br>Si\u00e8ge social<strong>&nbsp;:<\/strong>&nbsp;3 rue Pierre et Marie Curie, Saint-Jean-de-Lini\u00e8res, 49070 SAINT-LEGER-DE-LINI\u00c8RES \u2013 France<br>T\u00e9l\u00e9phone : 02 41 36 81 41<br>Courriel : <a href=\"mailto:contact@logosapience.fr\">contact@logosapience.fr<\/a><\/p>\n\n\n\n<p>Directeur de la publication :&nbsp;M. Fran\u00e7ois CADEAU, Pr\u00e9sident de LogoSapience<\/p>\n\n\n\n<h3 class=\"wp-block-heading\"><strong>H\u00e9bergement<\/strong><\/h3>\n\n\n\n<p>Ce site est h\u00e9berg\u00e9 par\u00a0LogoSapience<br>SAS au capital de 71 760 \u20ac<\/p>\n\n\n\n<p>Code APE\u00a0<strong>:<\/strong>\u00a06201Z<br>N\u00b0 TVA<strong>\u00a0:<\/strong>\u00a0FR80400614129<br>Si\u00e8ge social<strong>\u00a0:<\/strong>\u00a03 rue Pierre et Marie Curie, Saint-Jean-de-Lini\u00e8res, 49070 SAINT-LEGER-DE-LINI\u00c8RES \u2013 France<br>Si\u00e8ge social\u00a0<strong>:<\/strong>\u00a02, rue Kellermann \u2013 59100 Roubaix \u2013 France<\/p>\n\n\n\n<h3 class=\"wp-block-heading\"><strong>Contenu<\/strong><\/h3>\n\n\n\n<p>Ne pouvant garantir la pr\u00e9cision, l\u2019actualisation ou l\u2019exhaustivit\u00e9 des informations contenues sur le site\u00a0<a href=\"https:\/\/support.h24office.com\">https:\/\/support.h24office.com<\/a>, LogoSapience d\u00e9cline toute responsabilit\u00e9 pour les \u00e9ventuelles impr\u00e9cisions, inexactitudes ou omissions portant sur des informations disponibles.<\/p>\n\n\n\n<p>Images et visuels<strong>&nbsp;:<\/strong>&nbsp;Certaines images proviennent des banques d\u2019images en ligne&nbsp;<a href=\"https:\/\/unsplash.com\/\">https:\/\/unsplash.com\/,&nbsp;<\/a><a href=\"https:\/\/www.pexels.com\/\">https:\/\/www.pexels.com\/ et&nbsp;<\/a><a href=\"https:\/\/www.istockphoto.com\/\">https:\/\/www.istockphoto.com\/ et l<\/a>es ic\u00f4nes proviennent du site&nbsp;<a href=\"https:\/\/www.ikonate.com\/#content\">https:\/\/www.ikonate.com\/<\/a>.&nbsp;D\u2019autres images sont extraites de la biblioth\u00e8que d\u2019images de LogoSapience.<\/p>\n\n\n\n<h3 class=\"wp-block-heading\"><strong>Liens hypertextes<\/strong><\/h3>\n\n\n\n<p>Les liens hypertextes mis en place dans le cadre du site\u00a0<a href=\"https:\/\/support.h24office.com\">https:\/\/support.h24office.com<\/a> en direction d\u2019autres sites pr\u00e9sents sur le r\u00e9seau Internet, ne sauraient engager la responsabilit\u00e9 de LogoSapience en ce qui concerne leur contenu ou les liens qu\u2019ils contiennent, ainsi que leurs conditions d\u2019exploitation (notamment pour ce qui concerne la gestion des donn\u00e9es personnelles\u2026)<br>La possibilit\u00e9 d\u2019\u00e9tablir des liens hypertextes simples vers le site\u00a0<a href=\"https:\/\/support.h24office.com\">https:\/\/support.h24office.com<\/a> est soumise \u00e0 l\u2019accord pr\u00e9alable de la soci\u00e9t\u00e9 LogoSapience.<\/p>\n\n\n\n<h3 class=\"wp-block-heading\"><strong>Cookies<\/strong><\/h3>\n\n\n\n<p>Des cookies\u00a0peuvent \u00eatre d\u00e9pos\u00e9s sur votre ordinateur lorsque vous naviguez sur le site\u00a0 <a href=\"https:\/\/support.h24office.com\">https:\/\/support.h24office.com<\/a>.<br>Ils enregistrent des informations relatives \u00e0 votre navigation sur le pr\u00e9sent site et permettent \u00e0 LogoSapience d\u2019\u00e9tablir des statistiques dans l\u2019objectif d\u2019am\u00e9liorer l\u2019int\u00e9r\u00eat et l\u2019ergonomie des services propos\u00e9s.<br>En aucun cas, les cookies ne collectent des donn\u00e9es personnelles sauf si vous avez \u00e9t\u00e9 inform\u00e9 pr\u00e9alablement et que vous y avez consenti.<br>Les donn\u00e9es recueillies par nos soins ne sont\u00a0pas utilis\u00e9es \u00e0 d\u2019autres fins que celles\u00a0indiqu\u00e9es ci-dessus.<br>Vous pouvez vous opposer \u00e0 l\u2019enregistrement de cookies en configurant votre navigateur selon les modalit\u00e9s d\u00e9taill\u00e9es sur le site de la Commission Nationale de l\u2019Informatique et des Libert\u00e9s (CNIL) :\u00a0<a href=\"https:\/\/www.cnil.fr\/fr\/les-droits-pour-maitriser-vos-donnees-personnelles\">https:\/\/www.cnil.fr\/fr\/les-droits-pour-maitriser-vos-donnees-personnelles<\/a>\u00a0<\/p>\n\n\n\n<h3 class=\"wp-block-heading\"><strong>Donn\u00e9es personnelles<\/strong><\/h3>\n\n\n\n<p>D\u2019une fa\u00e7on g\u00e9n\u00e9rale, le site sur Internet Support H24Office peut \u00eatre visit\u00e9 sans avoir \u00e0 d\u00e9cliner son identit\u00e9 et \u00e0 fournir des informations personnelles. Cependant, il est parfois demand\u00e9 des informations : pour \u00e9tablir une correspondance, fournir un abonnement \u00e0 une newsletter ou depuis le formulaire de contact.<br>Dans tous les cas, vous pouvez refuser de fournir vos donn\u00e9es personnelles. Vous ne pourrez alors pas utiliser les services du site, notamment celui de solliciter des renseignements sur notre soci\u00e9t\u00e9 ou de recevoir les lettres d\u2019information. Pour plus d\u2019informations sur vos droits, vous pouvez consulter :\u00a0<a href=\"https:\/\/www.cnil.fr\/\">https:\/\/www.cnil.fr<\/a><\/p>\n\n\n\n<h3 class=\"wp-block-heading\"><strong>Copyright<\/strong><\/h3>\n\n\n\n<p>Tous les droits de reproduction sont r\u00e9serv\u00e9s, y compris pour les documents t\u00e9l\u00e9chargeables et les repr\u00e9sentations iconographiques et photographiques.<br>La reproduction de tout ou partie du contenu de ce site sur un support quel qu\u2019il soit est formellement interdite sauf autorisation expresse de la direction de LogoSapience.<\/p>\n","protected":false},"excerpt":{"rendered":"<p>Pr\u00e9sentation du site Ce site est \u00e9dit\u00e9 par LogoSapience, SAS au capital de 71 760\u20ac. RCS Angers&nbsp;&nbsp;:&nbsp;N\u00b0 95 B 2010Code APE&nbsp;:&nbsp;6201ZN\u00b0 TVA&nbsp;:&nbsp;FR80400614129Si\u00e8ge social&nbsp;:&nbsp;3 rue Pierre et Marie Curie, Saint-Jean-de-Lini\u00e8res, 49070 SAINT-LEGER-DE-LINI\u00c8RES \u2013 FranceT\u00e9l\u00e9phone : 02 41 36 81 41Courriel : contact@logosapience.fr Directeur de la publication :&nbsp;M. Fran\u00e7ois CADEAU, Pr\u00e9sident de LogoSapience H\u00e9bergement Ce site est [&hellip;]<\/p>\n","protected":false},"author":1,"featured_media":0,"parent":0,"menu_order":0,"comment_status":"closed","ping_status":"closed","template":"","meta":{"_eb_attr":"","footnotes":""},"class_list":["post-177","page","type-page","status-publish","hentry"],"_links":{"self":[{"href":"https:\/\/support.h24office.com\/index.php\/wp-json\/wp\/v2\/pages\/177","targetHints":{"allow":["GET"]}}],"collection":[{"href":"https:\/\/support.h24office.com\/index.php\/wp-json\/wp\/v2\/pages"}],"about":[{"href":"https:\/\/support.h24office.com\/index.php\/wp-json\/wp\/v2\/types\/page"}],"author":[{"embeddable":true,"href":"https:\/\/support.h24office.com\/index.php\/wp-json\/wp\/v2\/users\/1"}],"replies":[{"embeddable":true,"href":"https:\/\/support.h24office.com\/index.php\/wp-json\/wp\/v2\/comments?post=177"}],"version-history":[{"count":3,"href":"https:\/\/support.h24office.com\/index.php\/wp-json\/wp\/v2\/pages\/177\/revisions"}],"predecessor-version":[{"id":181,"href":"https:\/\/support.h24office.com\/index.php\/wp-json\/wp\/v2\/pages\/177\/revisions\/181"}],"wp:attachment":[{"href":"https:\/\/support.h24office.com\/index.php\/wp-json\/wp\/v2\/media?parent=177"}],"curies":[{"name":"wp","href":"https:\/\/api.w.org\/{rel}","templated":true}]}}